{"id":52,"date":"2018-04-01T13:28:17","date_gmt":"2018-04-01T13:28:17","guid":{"rendered":"http:\/\/dorothea-ebeling.de\/?page_id=52"},"modified":"2024-11-24T15:43:44","modified_gmt":"2024-11-24T15:43:44","slug":"schmerztherapie","status":"publish","type":"page","link":"https:\/\/dorothea-ebeling.de\/?page_id=52","title":{"rendered":"Schmerztherapie"},"content":{"rendered":"<p style=\"text-align: left;\">Sie k\u00f6nnen sich grunds\u00e4tzlich bei allen Schmerzen an uns wenden.<\/p>\n<p>Wir h\u00f6ren Ihnen zu und erfassen das Problem. Anschlie\u00dfend findet eine detaillierte Untersuchung, Schmerzanalyse und das Aufzeigen von realistischen Behandlungsoptionen statt.<\/p>\n<h2>Unsere Therapieverfahren umfassen:<\/h2>\n<ul>\n<li>Akupunktur von Wirbels\u00e4ule und Kniearthrosen (Kassenleistung)<\/li>\n<li>Akupunktur bei anderen Schmerzen mit muskellockerndem, entspannendem Ansatz (Privatleistung)<\/li>\n<li>Blutegeltherapie bei Gelenk- und Wirbels\u00e4ulenschmerzen<\/li>\n<li>Entw\u00f6hnung von Opioiden<\/li>\n<li>Infusionsbehandlung<\/li>\n<li>Medikament\u00f6se Schmerztherapie<\/li>\n<li>Neuraltherapie<\/li>\n<li>Pflastertherapie<\/li>\n<li>R\u00fcckenmarksnahe Blockaden<\/li>\n<li>Sonografie gesteuerte Nervenblockaden, Sympathikusblockaden<\/li>\n<li>Transkutane Nervenstimulation<\/li>\n<li>Transkutane Trigeminus- und Okzipitalnervstimulation bei Migr\u00e4ne<\/li>\n<\/ul>\n<p><img loading=\"lazy\" decoding=\"async\" src=\"http:\/\/dorothea-ebeling.de\/wp-content\/uploads\/2020\/06\/daria-rom-c-o7eQWFYk8-unsplash-683x1024.jpg\" sizes=\"auto, (max-width: 683px) 100vw, 683px\" srcset=\"http:\/\/dorothea-ebeling.de\/wp-content\/uploads\/2020\/06\/daria-rom-c-o7eQWFYk8-unsplash-683x1024.jpg 683w, http:\/\/dorothea-ebeling.de\/wp-content\/uploads\/2020\/06\/daria-rom-c-o7eQWFYk8-unsplash-200x300.jpg 200w, http:\/\/dorothea-ebeling.de\/wp-content\/uploads\/2020\/06\/daria-rom-c-o7eQWFYk8-unsplash-768x1152.jpg 768w\" alt=\"\" width=\"683\" height=\"1024\" \/><\/p>\n<h1>Blutegeltherapie, jetzt bei uns!<\/h1>\n<h2><\/h2>\n<h2>Wissenschaft<\/h2>\n<p>Durch \u00fcberzeugende Wirksamkeitsnachweise in der Behandlung von Arthrosen erf\u00e4hrt die Blutegeltherapie eine Renaissance im Bereich der Schmerztherapie und wird in gro\u00dfen Zentren (zum Beispiel Charite Berlin) erfolgreich angewandt.<\/p>\n<p>Die Blutegeltherapie wird von Patienten und Anwendern \u00fcbereinstimmend als in hohem Ma\u00dfe\u00a0erfolgreich eingesch\u00e4tzt: 87% der Patienten beurteilen die Wirksamkeit von Blutegeln als gut bis\u00a0sehr gut. Nach einmaliger Behandlung berichten bereits die H\u00e4lfte der Kniearthrose Patienten \u00fcber\u00a0eine positive Wirkung und Schmerzlinderung, welche \u00fcber einen Zeitraum von 6-12 Monaten\u00a0anh\u00e4lt. Eine zweite Blutegeltherapie innerhalb von 1-2 Wochen anschlie\u00dfend erh\u00f6ht den\u00a0Therapieerfolg nochmals.<\/p>\n<h2>Sicherheit und Qualit\u00e4t<\/h2>\n<p>Blutegel stehen in Deutschland unter Naturschutz. Medizinische Blutegel werden in speziell\u00a0zugelassenen Blutegelfarmen gez\u00fcchtet und als \u201eFertigarzeneimittel\u201c eingestuft. Sie unterliegen\u00a0den gleichen Anforderungen an Sicherheit, Qualit\u00e4t und Wirksamkeit wie zulassungspflichtige\u00a0Medikamente.<\/p>\n<h2>Anwendunsbereiche<\/h2>\n<p>Wir bieten ein Blutegeltherapie in unserer Praxis f\u00fcr folgende Erkrankungen an:<\/p>\n<ul>\n<li>Arthrosen der gro\u00dfen und kleinen Gelenke, insbesondere<\/li>\n<li>Kniegelenkarthrosen<\/li>\n<li>Schmerzen an Hals- und Lendenwirbels\u00e4ule<\/li>\n<li>Tennisellenbogen Epicondylitis<\/li>\n<li>Muskelverspannungen, sogenannte Myogelosen<\/li>\n<li>Schmerzen an Sehnen und B\u00e4ndern<\/li>\n<\/ul>\n<h2>Behandlung<\/h2>\n<p>Die Blutegel werden auf das betroffene K\u00f6rperteil aufgesetzt, der Egelbiss ist schmerzarm, vielleicht\u00a0sp\u00fcren Sie ein leichtes Stechen oder Brennen. Der Egel beginnt nach einigen Minuten mit dem\u00a0Saugen und gibt dabei heilende Substanzen in Muskel- und Gelenkn\u00e4he ab, welche schmerzstillend,\u00a0entz\u00fcndungshemmend, lymphstrombeschleunigend, gerinnungshemmend und blutgef\u00e4\u00dfstraffend\u00a0wirken. W\u00e4hrend des Saugens bleibt der Egel immer an der selben Stelle, er kriecht nicht. Hat der\u00a0Blutegel seine Mahlzeit beendet, f\u00e4llt er von alleine ab. Ein l\u00e4ngeres Nachbluten der winzigen\u00a0Bissstellen ist erw\u00fcnscht und wichtiger Therapiebestandteil (Aderlass).<\/p>\n<h2>Kosten<\/h2>\n<p>Eine einmalige Blutegelbehandlung kostet 72,00 \u20ac zuz\u00fcglich der Kosten f\u00fcr die Blutegel. In der\u00a0Regel werden 4-6 Blutegel angesetzt, welche Sie \u00fcber Rezept bei der Apotheke oder \u00fcber unsere\u00a0Praxis beziehen k\u00f6nnen. Kosten ca. 10,00 \u20ac je Blutegel.<\/p>\n<p>Die Behandlung beinhaltet:<\/p>\n<ul>\n<li>Beratung, Untersuchung<\/li>\n<li>\u00c4rztliche Anwendung von 6 Blutegeln mit fachgerechtem Verband nach der Behandlung (Behandlungsdauer ca. 60 bis 90 Minuten)<\/li>\n<li>\u00c4rztliche Wundkontrolle und Verbandswechsel am n\u00e4chsten Tag.<\/li>\n<\/ul>\n<h2>Was m\u00fcssen Sie am Behandlungstag beachten?<\/h2>\n<p>Blutegel sind sehr geruchssensibel. Bitte benutzen Sie keine Cremes, Lotionen oder starken Seifen.\u00a0Bitte rauchen Sie nicht. Bitte essen Sie keinen Knoblauch.\u00a0Tragen Sie lockere, dehnbare Kleidung, die gen\u00fcgend Platz f\u00fcr Verb\u00e4nde l\u00e4sst und\u00a0Verschmutzungen verkraften kann. Nehmen Sie sich Zeit.<\/p>\n<p>Vor der Behandlung ben\u00f6tigen wir aktuelle Blutwerte von Ihnen (Blutbild, Blutsenkung, PTT, Quick),\u00a0welche nicht \u00e4lter als 3 Monate sein sollten<\/p>\n<p>Wir freuen uns auf eine erfolgreiche Behandlung.<\/p>\n","protected":false},"excerpt":{"rendered":"<p>Sie k\u00f6nnen sich grunds\u00e4tzlich bei allen Schmerzen an uns wenden. Wir h\u00f6ren Ihnen zu und erfassen das Problem. Anschlie\u00dfend findet eine detaillierte Untersuchung, Schmerzanalyse und&#8230;<\/p>\n<div class=\"more-link-wrapper\"><a class=\"more-link\" href=\"https:\/\/dorothea-ebeling.de\/?page_id=52\">Weiterlesen<span class=\"screen-reader-text\">Schmerztherapie<\/span><\/a><\/div>\n","protected":false},"author":1,"featured_media":16,"parent":0,"menu_order":0,"comment_status":"closed","ping_status":"closed","template":"","meta":{"footnotes":""},"class_list":["post-52","page","type-page","status-publish","has-post-thumbnail","hentry","entry"],"_links":{"self":[{"href":"https:\/\/dorothea-ebeling.de\/index.php?rest_route=\/wp\/v2\/pages\/52","targetHints":{"allow":["GET"]}}],"collection":[{"href":"https:\/\/dorothea-ebeling.de\/index.php?rest_route=\/wp\/v2\/pages"}],"about":[{"href":"https:\/\/dorothea-ebeling.de\/index.php?rest_route=\/wp\/v2\/types\/page"}],"author":[{"embeddable":true,"href":"https:\/\/dorothea-ebeling.de\/index.php?rest_route=\/wp\/v2\/users\/1"}],"replies":[{"embeddable":true,"href":"https:\/\/dorothea-ebeling.de\/index.php?rest_route=%2Fwp%2Fv2%2Fcomments&post=52"}],"version-history":[{"count":9,"href":"https:\/\/dorothea-ebeling.de\/index.php?rest_route=\/wp\/v2\/pages\/52\/revisions"}],"predecessor-version":[{"id":255,"href":"https:\/\/dorothea-ebeling.de\/index.php?rest_route=\/wp\/v2\/pages\/52\/revisions\/255"}],"wp:featuredmedia":[{"embeddable":true,"href":"https:\/\/dorothea-ebeling.de\/index.php?rest_route=\/wp\/v2\/media\/16"}],"wp:attachment":[{"href":"https:\/\/dorothea-ebeling.de\/index.php?rest_route=%2Fwp%2Fv2%2Fmedia&parent=52"}],"curies":[{"name":"wp","href":"https:\/\/api.w.org\/{rel}","templated":true}]}}