{"id":23,"date":"2017-09-05T10:12:29","date_gmt":"2017-09-05T10:12:29","guid":{"rendered":"http:\/\/dorothea-ebeling.de\/?page_id=23"},"modified":"2025-07-16T17:49:32","modified_gmt":"2025-07-16T17:49:32","slug":"team","status":"publish","type":"page","link":"https:\/\/dorothea-ebeling.de\/?page_id=23","title":{"rendered":"Team"},"content":{"rendered":"<p style=\"text-align: center;\"><img loading=\"lazy\" decoding=\"async\" src=\"http:\/\/dorothea-ebeling.de\/wp-content\/uploads\/2019\/04\/mama_quadratisch-1024x1024.jpg\" alt=\"\" width=\"222\" height=\"222\" \/><\/p>\n<p style=\"text-align: center;\"><strong>Dr. med. Dorothea Ebeling<\/strong><br \/>Fach\u00e4rztin Allgemeinmedizin<br \/>Fach\u00e4rztin An\u00e4sthesie<br \/>Spezielle Schmerztherapie<br \/>Akupunktur<br \/>Notfallmedizin<\/p>\n<p>&nbsp;<\/p>\n<p style=\"text-align: center;\"><img loading=\"lazy\" decoding=\"async\" class=\"aligncenter wp-image-259\" src=\"http:\/\/dorothea-ebeling.de\/wp-content\/uploads\/2025\/07\/doctor-300x300.png\" alt=\"\" width=\"200\" height=\"200\" srcset=\"https:\/\/dorothea-ebeling.de\/wp-content\/uploads\/2025\/07\/doctor-300x300.png 300w, https:\/\/dorothea-ebeling.de\/wp-content\/uploads\/2025\/07\/doctor-150x150.png 150w, https:\/\/dorothea-ebeling.de\/wp-content\/uploads\/2025\/07\/doctor.png 512w\" sizes=\"auto, (max-width: 200px) 100vw, 200px\" \/><\/p>\n<p style=\"text-align: center;\"><strong>Martina Steger<\/strong><br \/>Fach\u00e4rztin Allgemeinmedizin<\/p>\n<p>&nbsp;<\/p>\n<p><img loading=\"lazy\" decoding=\"async\" class=\"wp-image-95 aligncenter\" src=\"http:\/\/dorothea-ebeling.de\/wp-content\/uploads\/2019\/04\/Yvonne_quadratisch-300x300.jpg\" alt=\"\" width=\"222\" height=\"222\" srcset=\"https:\/\/dorothea-ebeling.de\/wp-content\/uploads\/2019\/04\/Yvonne_quadratisch-300x300.jpg 300w, https:\/\/dorothea-ebeling.de\/wp-content\/uploads\/2019\/04\/Yvonne_quadratisch-150x150.jpg 150w, https:\/\/dorothea-ebeling.de\/wp-content\/uploads\/2019\/04\/Yvonne_quadratisch-768x768.jpg 768w, https:\/\/dorothea-ebeling.de\/wp-content\/uploads\/2019\/04\/Yvonne_quadratisch-1024x1024.jpg 1024w, https:\/\/dorothea-ebeling.de\/wp-content\/uploads\/2019\/04\/Yvonne_quadratisch.jpg 1293w\" sizes=\"auto, (max-width: 222px) 100vw, 222px\" \/><\/p>\n<p style=\"text-align: center;\"><strong>Yvonne K\u00fchn<\/strong><br \/>Medizinische Fachangestellte<br \/>Praxismanagerin<\/p>\n<p>&nbsp;<\/p>\n<p>&nbsp;<\/p>\n<p style=\"text-align: center;\"><strong><img loading=\"lazy\" decoding=\"async\" class=\"aligncenter wp-image-218\" src=\"http:\/\/dorothea-ebeling.de\/wp-content\/uploads\/2020\/09\/ipek-300x300.png\" alt=\"\" width=\"222\" height=\"222\" srcset=\"https:\/\/dorothea-ebeling.de\/wp-content\/uploads\/2020\/09\/ipek-300x300.png 300w, https:\/\/dorothea-ebeling.de\/wp-content\/uploads\/2020\/09\/ipek-150x150.png 150w, https:\/\/dorothea-ebeling.de\/wp-content\/uploads\/2020\/09\/ipek-768x768.png 768w, https:\/\/dorothea-ebeling.de\/wp-content\/uploads\/2020\/09\/ipek.png 901w\" sizes=\"auto, (max-width: 222px) 100vw, 222px\" \/>Ipek Atas<\/strong><br \/>Medizinische Fachangestellte<\/p>\n<p>&nbsp;<\/p>\n<p style=\"text-align: center;\"><strong><img loading=\"lazy\" decoding=\"async\" class=\"alignnone wp-image-262\" src=\"http:\/\/dorothea-ebeling.de\/wp-content\/uploads\/2025\/07\/female-300x300.png\" alt=\"\" width=\"200\" height=\"200\" srcset=\"https:\/\/dorothea-ebeling.de\/wp-content\/uploads\/2025\/07\/female-300x300.png 300w, https:\/\/dorothea-ebeling.de\/wp-content\/uploads\/2025\/07\/female-150x150.png 150w, https:\/\/dorothea-ebeling.de\/wp-content\/uploads\/2025\/07\/female.png 512w\" sizes=\"auto, (max-width: 200px) 100vw, 200px\" \/><\/strong><\/p>\n<p style=\"text-align: center;\"><strong>Barbara Bernhard-Buck<\/strong><br \/>Medizinische Fachangestellte<\/p>\n<p>&nbsp;<\/p>\n\n\n<p><\/p>\n","protected":false},"excerpt":{"rendered":"<p>Dr. med. Dorothea EbelingFach\u00e4rztin AllgemeinmedizinFach\u00e4rztin An\u00e4sthesieSpezielle SchmerztherapieAkupunkturNotfallmedizin &nbsp; Martina StegerFach\u00e4rztin Allgemeinmedizin &nbsp; Yvonne K\u00fchnMedizinische FachangestelltePraxismanagerin &nbsp; &nbsp; Ipek AtasMedizinische Fachangestellte &nbsp; Barbara Bernhard-BuckMedizinische Fachangestellte &nbsp;<\/p>\n","protected":false},"author":1,"featured_media":24,"parent":0,"menu_order":0,"comment_status":"closed","ping_status":"closed","template":"","meta":{"footnotes":""},"class_list":["post-23","page","type-page","status-publish","has-post-thumbnail","hentry","entry"],"_links":{"self":[{"href":"https:\/\/dorothea-ebeling.de\/index.php?rest_route=\/wp\/v2\/pages\/23","targetHints":{"allow":["GET"]}}],"collection":[{"href":"https:\/\/dorothea-ebeling.de\/index.php?rest_route=\/wp\/v2\/pages"}],"about":[{"href":"https:\/\/dorothea-ebeling.de\/index.php?rest_route=\/wp\/v2\/types\/page"}],"author":[{"embeddable":true,"href":"https:\/\/dorothea-ebeling.de\/index.php?rest_route=\/wp\/v2\/users\/1"}],"replies":[{"embeddable":true,"href":"https:\/\/dorothea-ebeling.de\/index.php?rest_route=%2Fwp%2Fv2%2Fcomments&post=23"}],"version-history":[{"count":37,"href":"https:\/\/dorothea-ebeling.de\/index.php?rest_route=\/wp\/v2\/pages\/23\/revisions"}],"predecessor-version":[{"id":265,"href":"https:\/\/dorothea-ebeling.de\/index.php?rest_route=\/wp\/v2\/pages\/23\/revisions\/265"}],"wp:featuredmedia":[{"embeddable":true,"href":"https:\/\/dorothea-ebeling.de\/index.php?rest_route=\/wp\/v2\/media\/24"}],"wp:attachment":[{"href":"https:\/\/dorothea-ebeling.de\/index.php?rest_route=%2Fwp%2Fv2%2Fmedia&parent=23"}],"curies":[{"name":"wp","href":"https:\/\/api.w.org\/{rel}","templated":true}]}}